{"id":295,"date":"2023-04-04T09:25:24","date_gmt":"2023-04-04T13:25:24","guid":{"rendered":"https:\/\/heli-xtreme.com\/?page_id=295"},"modified":"2026-02-11T16:30:32","modified_gmt":"2026-02-11T21:30:32","slug":"accueil","status":"publish","type":"page","link":"https:\/\/heli-xtreme.com\/en\/","title":{"rendered":"Home"},"content":{"rendered":"","protected":false},"excerpt":{"rendered":"","protected":false},"author":1,"featured_media":0,"parent":0,"menu_order":0,"comment_status":"closed","ping_status":"closed","template":"","meta":{"_acf_changed":false,"_seopress_robots_primary_cat":"","_seopress_titles_title":"","_seopress_titles_desc":"H\u00e9li-Xtr\u00eame propose une gamme vari\u00e9e de tours d&#039;h\u00e9licopt\u00e8res. Nos vols varient en dur\u00e9e de 5 \u00e0 60 minutes et sont adapt\u00e9s aux groupes de 1 \u00e0 3 personnes. ","_seopress_robots_index":"","inline_featured_image":false,"footnotes":""},"class_list":["post-295","page","type-page","status-publish","hentry"],"acf":[],"_links":{"self":[{"href":"https:\/\/heli-xtreme.com\/en\/wp-json\/wp\/v2\/pages\/295","targetHints":{"allow":["GET"]}}],"collection":[{"href":"https:\/\/heli-xtreme.com\/en\/wp-json\/wp\/v2\/pages"}],"about":[{"href":"https:\/\/heli-xtreme.com\/en\/wp-json\/wp\/v2\/types\/page"}],"author":[{"embeddable":true,"href":"https:\/\/heli-xtreme.com\/en\/wp-json\/wp\/v2\/users\/1"}],"replies":[{"embeddable":true,"href":"https:\/\/heli-xtreme.com\/en\/wp-json\/wp\/v2\/comments?post=295"}],"version-history":[{"count":5,"href":"https:\/\/heli-xtreme.com\/en\/wp-json\/wp\/v2\/pages\/295\/revisions"}],"predecessor-version":[{"id":948,"href":"https:\/\/heli-xtreme.com\/en\/wp-json\/wp\/v2\/pages\/295\/revisions\/948"}],"wp:attachment":[{"href":"https:\/\/heli-xtreme.com\/en\/wp-json\/wp\/v2\/media?parent=295"}],"curies":[{"name":"wp","href":"https:\/\/api.w.org\/{rel}","templated":true}]}}